{"id":11505,"date":"2026-05-13T17:01:06","date_gmt":"2026-05-13T08:01:06","guid":{"rendered":"https:\/\/gachapara.jp\/?page_id=11505"},"modified":"2026-05-13T17:01:08","modified_gmt":"2026-05-13T08:01:08","slug":"gachagacha-neu","status":"publish","type":"page","link":"https:\/\/gachapara.jp\/de\/gachagacha-new\/","title":{"rendered":"\u00dcbersicht \u00fcber neue Gacha-Gacha-Produkte [sp\u00e4testens 2026], die bei Bedarf mit den neuesten Informationen aller Hersteller aktualisiert wird."},"content":{"rendered":"<figure class=\"wp-block-image size-large\"><img loading=\"lazy\" decoding=\"async\" width=\"1024\" height=\"576\" src=\"https:\/\/gachapara.jp\/wp-content\/uploads\/2026\/05\/gacha_new_eyecatch-1024x576.jpg\" alt=\"\u00dcbersicht \u00fcber neue Gacha-Gacha-Produkte [sp\u00e4testens 2026], die bei Bedarf mit den neuesten Informationen aller Hersteller aktualisiert wird.\" class=\"wp-image-11749\" srcset=\"https:\/\/gachapara.jp\/wp-content\/uploads\/2026\/05\/gacha_new_eyecatch-1024x576.jpg 1024w, https:\/\/gachapara.jp\/wp-content\/uploads\/2026\/05\/gacha_new_eyecatch-300x169.jpg 300w, https:\/\/gachapara.jp\/wp-content\/uploads\/2026\/05\/gacha_new_eyecatch-768x432.jpg 768w, https:\/\/gachapara.jp\/wp-content\/uploads\/2026\/05\/gacha_new_eyecatch-18x10.jpg 18w, https:\/\/gachapara.jp\/wp-content\/uploads\/2026\/05\/gacha_new_eyecatch-485x273.jpg 485w, https:\/\/gachapara.jp\/wp-content\/uploads\/2026\/05\/gacha_new_eyecatch.jpg 1200w\" sizes=\"auto, (max-width: 1024px) 100vw, 1024px\" \/><\/figure>\n\n\n\n<div class=\"supplement has-small-font-size\">\n<p style=\"font-size:10px\">[Sp\u00e4testens 2026] Dies ist eine Liste der Ver\u00f6ffentlichungsdaten der hei\u00dfesten neuen Gacha-Produkte aller Hersteller. Die Gachapara-Redaktion pr\u00fcft und aktualisiert den Inhalt t\u00e4glich, basierend auf Prim\u00e4rinformationen von den offiziellen Webseiten und offiziellen SNS der gro\u00dfen Hersteller wie Bandai (Gashapon) und Takara Tomy Arts. Wenn Sie wissen m\u00f6chten, welche neuen Artikel diesen Monat im Angebot sind oder das Erscheinungsdatum des Kapselspielzeugs, das Sie suchen, \u00fcberpr\u00fcfen m\u00f6chten, verwenden Sie bitte den monatlichen Index unten.<\/p>\n<\/div>\n\n\n\n<h2 class=\"wp-block-heading has-text-align-center stk-wow-fadeInUp is-style-style__section_ttl__border_under has-medium-font-size\">Liste der neuen Gacha-Gacha-Produkte im Jahr 2026.<\/h2>\n\n\n\n<ul style=\"line-height:1.2\" class=\"wp-block-list stk-list-icon--arrow02 stk-mb_m has-medium-font-size\">\n<li><a href=\"https:\/\/gachapara.jp\/de\/gachagacha-202607\/\" title=\"\">Zusammenfassung der neuen Gacha-Ver\u00f6ffentlichungen im Juli 2026.<\/a><\/li>\n\n\n\n<li><a href=\"https:\/\/gachapara.jp\/de\/gachagacha-202606\/\" title=\"\">Neue Gacha-Gacha-Produkte, die im Juni 2026 auf den Markt kommen Zusammenfassung der neuen Gacha-Gacha-Produkte.<\/a><\/li>\n\n\n\n<li><a style=\"letter-spacing: 0.025em;\" href=\"https:\/\/gachapara.jp\/de\/gachagacha-202605\/\" title=\"\"><span class=\"pre--maker span-stk-maker-yellow\">Neue Gacha-Gacha-Produkte, die im Mai 2026 auf den Markt kommen Zusammenfassung der neuen Gacha-Gacha-Produkte.<\/span><\/a><span class=\"pre--maker span-stk-maker-yellow\">(Diesen Monat)<\/span><\/li>\n\n\n\n<li><a href=\"https:\/\/gachapara.jp\/de\/gachagacha-202604\/\" title=\"\">Zusammenfassung der neuen Gacha-Ver\u00f6ffentlichungen im April 2026.<\/a><\/li>\n\n\n\n<li><a href=\"https:\/\/gachapara.jp\/de\/gachagacha-202603\/\" title=\"\">Zusammenfassung der neuen Gacha-Ver\u00f6ffentlichungen im M\u00e4rz 2026.<\/a><\/li>\n\n\n\n<li><a href=\"https:\/\/gachapara.jp\/de\/gachagacha-202602\/\" title=\"\">Zusammenfassung der neuen Gacha-Ver\u00f6ffentlichungen im Februar 2026.<\/a><\/li>\n\n\n\n<li><a href=\"https:\/\/gachapara.jp\/de\/gachagacha-202601\/\" title=\"\">Zusammenfassung der neuen Gacha-Produkte, die im Januar 2026 ver\u00f6ffentlicht wurden.<\/a><\/li>\n<\/ul>\n\n\n\n<h2 class=\"wp-block-heading has-text-align-center is-style-style__section_ttl__border_under stk-mt_s has-medium-font-size\">Liste der vergangenen Messenger-Ver\u00f6ffentlichungsdaten (vor 2025).<\/h2>\n\n\n\n<ul class=\"wp-block-list stk-list-icon--arrow02\">\n<li><a href=\"https:\/\/gachapara.jp\/de\/gachagacha-202512\/\" title=\"\">Zusammenfassung der neuen Gacha-Ver\u00f6ffentlichungen im Dezember 2025.<\/a><\/li>\n\n\n\n<li><a href=\"https:\/\/gachapara.jp\/de\/gachagacha-202511\/\" title=\"\">Zusammenfassung der neuen Gacha-Ver\u00f6ffentlichungen im November 2025.<\/a><\/li>\n\n\n\n<li><a href=\"https:\/\/gachapara.jp\/de\/gachagacha-202510\/\" title=\"\">Zusammenfassung der neuen Gacha-Ver\u00f6ffentlichungen im Oktober 2025.<\/a><\/li>\n\n\n\n<li><a href=\"https:\/\/gachapara.jp\/de\/gachagacha-202509\/\" title=\"\">Zusammenfassung der neuen Gacha-Ver\u00f6ffentlichungen im September 2025.<\/a><\/li>\n<\/ul>\n\n\n\n<h2 class=\"wp-block-heading is-style-stylenone stk-mt_l has-small-font-size\" style=\"font-style:normal;font-weight:400\">[Latest News] Aktualisierungshistorie durch die Redaktion.<\/h2>\n\n\n\n<p class=\"stk-mb_l has-mainttltext-color has-text-color has-link-color wp-elements-8daaf016f05623f99edb27ca58612570\" style=\"font-size:10px\"><strong>Aktualisiert am 11. Mai 2026.<\/strong><br>Diese Seite ist jetzt f\u00fcr die \u00d6ffentlichkeit zug\u00e4nglich. Aus den vielen Neuerscheinungen w\u00e4hlt die Gachapara-Redaktion sorgf\u00e4ltig die \"Hot Items to check out now\" aus und ver\u00f6ffentlicht sie. Auf der Grundlage von Prim\u00e4rinformationen der gro\u00dfen Hersteller werden die Daten zum Erscheinungsdatum t\u00e4glich \u00fcberpr\u00fcft. Nur die neuesten Informationen, die Fans wirklich brauchen, werden herausgefiltert und an Sie weitergeleitet.<\/p>\n\n\n\n<p class=\"has-small-font-size\">*Die Informationen entsprechen dem Stand zum Zeitpunkt der Ver\u00f6ffentlichung.<br>*Kann vergriffen sein.<br>*Der Zeitpunkt der Ver\u00f6ffentlichung und der Ankunft kann je nach Region und Gesch\u00e4ft variieren. Einige Gesch\u00e4fte f\u00fchren das Produkt nicht oder k\u00f6nnen es ohne Vorank\u00fcndigung \u00e4ndern.<br>Die Urheber- und Markenrechte an den auf dieser Website aufgef\u00fchrten Produkten und Namen liegen bei den jeweiligen Herstellern und Rechteinhabern.<br>*Die Bilder befinden sich in der Entwicklung und das Design und der Inhalt k\u00f6nnen teilweise vom tats\u00e4chlichen Produkt abweichen.<br>Bei inhaltlichen Unstimmigkeiten haben jedoch die Informationen auf der offiziellen Website Vorrang. Wir bitten Sie, dies im Voraus zu verstehen, bevor Sie diese Website nutzen.<\/p>\n\n\n\n<p>.<\/p>","protected":false},"excerpt":{"rendered":"<p>\u30102026\u5e74\u6700\u65b0\u3011\u5168\u30e1\u30fc\u30ab\u30fc\u306e\u30ac\u30c1\u30e3\u30ac\u30c1\u30e3\u65b0\u4f5c\u60c5\u5831\u304b\u3089\u6ce8\u76ee\u306e\u65b0\u4f5c\u3092\u307e\u3068\u3081\u305f\u767a\u58f2\u65e5\u30b9\u30b1\u30b8\u30e5\u30fc\u30eb\u4e00\u89a7\u3067\u3059\u3002\u30d0\u30f3\u30c0\u30a4\uff08\u30ac\u30b7\u30e3\u30dd\u30f3\uff09\u3084\u30bf\u30ab\u30e9\u30c8\u30df\u30fc\u30a2\u30fc\u30c4\u306a\u3069\u306e\u4e3b\u8981\u30e1\u30fc\u30ab\u30fc\u516c\u5f0f\u30b5\u30a4\u30c8\u304a\u3088\u3073\u516c\u5f0fSNS\u304b\u3089\u767a\u4fe1\u3055\u308c\u308b\u4e00\u6b21\u60c5\u5831\u3092\u5143\u306b\u3001\u30ac&#8230;<\/p>","protected":false},"author":1,"featured_media":11749,"parent":0,"menu_order":0,"comment_status":"closed","ping_status":"closed","template":"","meta":{"_acf_changed":false,"footnotes":""},"categories":[4],"tags":[],"class_list":{"0":"post-11505","1":"page","2":"type-page","3":"status-publish","4":"has-post-thumbnail","6":"category-capsule-toy","7":"article"},"acf":[],"aioseo_notices":[],"_links":{"self":[{"href":"https:\/\/gachapara.jp\/de\/wp-json\/wp\/v2\/pages\/11505","targetHints":{"allow":["GET"]}}],"collection":[{"href":"https:\/\/gachapara.jp\/de\/wp-json\/wp\/v2\/pages"}],"about":[{"href":"https:\/\/gachapara.jp\/de\/wp-json\/wp\/v2\/types\/page"}],"author":[{"embeddable":true,"href":"https:\/\/gachapara.jp\/de\/wp-json\/wp\/v2\/users\/1"}],"replies":[{"embeddable":true,"href":"https:\/\/gachapara.jp\/de\/wp-json\/wp\/v2\/comments?post=11505"}],"version-history":[{"count":43,"href":"https:\/\/gachapara.jp\/de\/wp-json\/wp\/v2\/pages\/11505\/revisions"}],"predecessor-version":[{"id":11759,"href":"https:\/\/gachapara.jp\/de\/wp-json\/wp\/v2\/pages\/11505\/revisions\/11759"}],"wp:featuredmedia":[{"embeddable":true,"href":"https:\/\/gachapara.jp\/de\/wp-json\/wp\/v2\/media\/11749"}],"wp:attachment":[{"href":"https:\/\/gachapara.jp\/de\/wp-json\/wp\/v2\/media?parent=11505"}],"wp:term":[{"taxonomy":"category","embeddable":true,"href":"https:\/\/gachapara.jp\/de\/wp-json\/wp\/v2\/categories?post=11505"},{"taxonomy":"post_tag","embeddable":true,"href":"https:\/\/gachapara.jp\/de\/wp-json\/wp\/v2\/tags?post=11505"}],"curies":[{"name":"wp","href":"https:\/\/api.w.org\/{rel}","templated":true}]}}