{"id":236,"date":"2025-05-18T16:24:20","date_gmt":"2025-05-18T07:24:20","guid":{"rendered":"https:\/\/gachapara.jp\/?page_id=236"},"modified":"2025-05-21T10:35:11","modified_gmt":"2025-05-21T01:35:11","slug":"les-conditions-generales-par-exemple-dutilisation","status":"publish","type":"page","link":"https:\/\/gachapara.jp\/fr\/%e5%88%a9%e7%94%a8%e8%a6%8f%e7%b4%84\/","title":{"rendered":"les conditions g\u00e9n\u00e9rales (par exemple, d'utilisation)"},"content":{"rendered":"<p>Conditions d'utilisation (ci-apr\u00e8s d\u00e9nomm\u00e9es \"conditions\") Les pr\u00e9sentes conditions d'utilisation (ci-apr\u00e8s d\u00e9nomm\u00e9es \"conditions\") s'appliquent aux sites web exploit\u00e9s et fournis par BizNews, LLC (ci-apr\u00e8s d\u00e9nomm\u00e9e \"l'entreprise\"). BizNews, LLC (ci-apr\u00e8s d\u00e9nomm\u00e9e \"la soci\u00e9t\u00e9\") et tous les produits et services li\u00e9s aux sites web (y compris les sites web pour smartphones). Les conditions d'utilisation (ci-apr\u00e8s d\u00e9nomm\u00e9es \"conditions d'utilisation\") sont les conditions d'utilisation de tous les produits et services (ci-apr\u00e8s d\u00e9nomm\u00e9s collectivement \"services\") li\u00e9s aux sites web (y compris les sites web pour smartphones ; ci-apr\u00e8s d\u00e9nomm\u00e9s les m\u00eames) et aux applications exploit\u00e9s et fournis par BizNews, LLC (ci-apr\u00e8s d\u00e9nomm\u00e9e la \"soci\u00e9t\u00e9\"). Les conditions g\u00e9n\u00e9rales d'utilisation des services (ci-apr\u00e8s d\u00e9nomm\u00e9s \"services\") sont \u00e9tablies entre le client qui utilise les services (ci-apr\u00e8s d\u00e9nomm\u00e9 \"utilisateur\") et la soci\u00e9t\u00e9. Les conditions d'utilisation des services sont \u00e9tablies entre le client qui utilise les services (ci-apr\u00e8s d\u00e9nomm\u00e9 \"l'utilisateur\") et la soci\u00e9t\u00e9.<br \/>\nLes utilisateurs qui utilisent les services en naviguant, en publiant, etc. utilisent les services apr\u00e8s avoir accept\u00e9 le contenu des pr\u00e9sentes conditions d'utilisation et avoir fait de ces conditions d'utilisation le contenu du contrat entre ces utilisateurs et la soci\u00e9t\u00e9.<\/p>\n<p>Acceptation des pr\u00e9sentes conditions g\u00e9n\u00e9rales.<\/p>\n<p>Les utilisateurs des services (ci-apr\u00e8s d\u00e9nomm\u00e9s \"utilisateurs\") (\"l'utilisateur\") est r\u00e9put\u00e9 avoir accept\u00e9 les pr\u00e9sentes conditions g\u00e9n\u00e9rales en utilisant effectivement les services.<br \/>\nCe service est destin\u00e9 \u00e0 \u00eatre utilis\u00e9 au Japon. La Soci\u00e9t\u00e9 traitera les informations de l'utilisateur conform\u00e9ment aux lois et r\u00e8glements du Japon. La soci\u00e9t\u00e9 peut restreindre l'acc\u00e8s au service depuis l'ext\u00e9rieur du Japon.<br \/>\nSi l'utilisateur est mineur, il doit toujours v\u00e9rifier les pr\u00e9sentes conditions g\u00e9n\u00e9rales avec son repr\u00e9sentant l\u00e9gal (par exemple, un parent ou un tuteur) et obtenir le consentement du repr\u00e9sentant l\u00e9gal avant d'accepter les pr\u00e9sentes conditions g\u00e9n\u00e9rales.<\/p>\n<p>Modifications des pr\u00e9sentes conditions g\u00e9n\u00e9rales<\/p>\n<p>La soci\u00e9t\u00e9 se r\u00e9serve le droit de modifier le contenu des pr\u00e9sentes conditions g\u00e9n\u00e9rales \u00e0 tout moment sans l'approbation de l'utilisateur et sans lui donner de pr\u00e9avis. Les modifications apport\u00e9es aux pr\u00e9sentes conditions g\u00e9n\u00e9rales entrent en vigueur d\u00e8s qu'elles sont publi\u00e9es dans le service.<br \/>\nSi l'utilisateur n'est pas d'accord avec l'accord modifi\u00e9, il doit imm\u00e9diatement cesser d'utiliser les services et, s'il utilise les services apr\u00e8s la modification de l'accord, il est r\u00e9put\u00e9 avoir accept\u00e9 l'accord modifi\u00e9.<\/p>\n<p>Traitement des donn\u00e9es personnelles.<\/p>\n<p>Lorsque nous recevons des informations personnelles de la part des utilisateurs en relation avec le service, nous les traitons de mani\u00e8re appropri\u00e9e conform\u00e9ment \u00e0 notre \"politique de confidentialit\u00e9\" et \u00e0 la loi sur la protection des donn\u00e9es personnelles ainsi qu'\u00e0 d'autres lois et r\u00e8glements pertinents.<\/p>\n<p>Attribution des droits<\/p>\n<p>Les services et le contenu fourni par l'interm\u00e9diaire des services (y compris, mais sans s'y limiter, les textes, la musique, les images, les vid\u00e9os, etc. ci-apr\u00e8s d\u00e9nomm\u00e9s \"le contenu\"). Tous les droits relatifs aux Services et au contenu fourni par le biais des Services (y compris, mais sans s'y limiter, le texte, la musique, les images, les vid\u00e9os, etc.) appartiennent \u00e0 la Soci\u00e9t\u00e9 ou \u00e0 un tiers disposant d'une autorit\u00e9 l\u00e9gitime.<br \/>\nSauf accord \u00e9crit pr\u00e9alable de la soci\u00e9t\u00e9, tous les actes qui portent atteinte aux droits de la soci\u00e9t\u00e9 ou de tiers, tels que la reproduction, l'\u00e9dition, la modification, la publication, la diffusion, l'exposition, la distribution, le transfert, le pr\u00eat, la traduction, l'adaptation, la transmission, la r\u00e9impression, l'enregistrement, l'octroi d'une nouvelle licence ou l'enregistrement des droits relatifs au contenu sont interdits.<\/p>\n<p>Maintenance de l'environnement de l'utilisateur<\/p>\n<p>L'utilisateur est responsable de l'ordinateur personnel, des terminaux de t\u00e9l\u00e9phonie mobile et des autres \u00e9quipements terminaux de communication, des logiciels, des syst\u00e8mes d'exploitation, des moyens de communication et de l'\u00e9lectricit\u00e9 n\u00e9cessaires \u00e0 l'utilisation des services.<br \/>\nLa Soci\u00e9t\u00e9 n'est pas responsable de l'impossibilit\u00e9 d'utiliser tout ou partie du Service en raison de l'environnement d'utilisation de l'\u00e9quipement terminal de communication ou du logiciel utilis\u00e9 par l'utilisateur, de l'application du Service, des sp\u00e9cifications ou de la version de livraison de l'environnement de communication, ni des dommages caus\u00e9s \u00e0 l'utilisateur ou \u00e0 un tiers de ce fait. La Soci\u00e9t\u00e9 n'est pas responsable des dommages caus\u00e9s aux utilisateurs ou \u00e0 des tiers de ce fait. En outre, la Soci\u00e9t\u00e9 ne garantit pas la compatibilit\u00e9 des services avec les \u00e9quipements terminaux de communication ou les logiciels d\u00e9velopp\u00e9s \u00e0 l'avenir.<br \/>\nL'utilisateur accepte que tous les actes accomplis \u00e0 l'aide de son propre \u00e9quipement terminal de t\u00e9l\u00e9communications soient consid\u00e9r\u00e9s comme ayant \u00e9t\u00e9 accomplis par l'utilisateur lui-m\u00eame, et l'utilisateur supportera toutes les obligations d\u00e9coulant des services \u00e0 l'\u00e9gard de la Soci\u00e9t\u00e9. En outre, si la Soci\u00e9t\u00e9 ou un tiers subit un dommage du fait de ces actes, l'utilisateur devra r\u00e9parer ce dommage.<\/p>\n<p>Objets interdits<\/p>\n<p>Dans le cadre de l'utilisation des services, l'utilisateur s'abstient d'accomplir les actes suivants.<\/p>\n<p>(1) Les actes qui violent ou peuvent violer les droits d'auteur, les autres droits de propri\u00e9t\u00e9 intellectuelle ou les int\u00e9r\u00eats de propri\u00e9t\u00e9 de la soci\u00e9t\u00e9 ou de tiers.<br \/>\n(2) Les actes qui sont ou peuvent \u00eatre contraires \u00e0 la loi ou \u00e0 l'ordre public et aux bonnes m\u0153urs.<br \/>\n(3) Les actions qui causent ou peuvent causer un pr\u00e9judice \u00e0 d'autres utilisateurs ou \u00e0 des tiers.<br \/>\n(4) Les actes consistant \u00e0 usurper l'identit\u00e9 de la soci\u00e9t\u00e9 ou d'un tiers ou \u00e0 diffuser intentionnellement de fausses informations.<br \/>\n(5) Les actes qui entravent ou peuvent entraver le fonctionnement du service.<br \/>\n(6) Acc\u00e8s non autoris\u00e9 ou tentatives d'acc\u00e8s non autoris\u00e9 au r\u00e9seau ou au syst\u00e8me du service, etc., par la falsification d'URL ou des m\u00e9thodes sp\u00e9ciales, etc.<br \/>\n(7) alt\u00e9rer ou endommager les services, les d\u00e9sassembler, les d\u00e9compiler ou en faire l'ing\u00e9nierie inverse.<br \/>\n(8) Une mauvaise conduite d\u00e9lib\u00e9r\u00e9e ou des actes qui encouragent une telle mauvaise conduite en profitant d'un dysfonctionnement du Service.<br \/>\n(9) Acc\u00e8s non autoris\u00e9 au r\u00e9seau et aux serveurs Internet de la soci\u00e9t\u00e9 (\"serveurs\") ou r\u00e9\u00e9criture ou suppression non autoris\u00e9e d'informations stock\u00e9es.<br \/>\n(10) Transmission de virus ou d'autres programmes informatiques nuisibles, etc. au serveur.<br \/>\n(11) Actions qui imposent une charge inutilement lourde au serveur.<br \/>\n(12) Violation des pr\u00e9sentes conditions g\u00e9n\u00e9rales.<br \/>\n(13) Toute autre conduite jug\u00e9e inappropri\u00e9e par l'entreprise.<br \/>\nRestrictions sur l'utilisation de ce service, etc.<\/p>\n<p>La soci\u00e9t\u00e9 peut mettre fin, suspendre ind\u00e9finiment ou suspendre temporairement la fourniture des services \u00e0 l'utilisateur sans pr\u00e9avis ni demande si l'utilisateur se trouve dans l'une des circonstances suivantes.<\/p>\n<p>(1) Si la soci\u00e9t\u00e9 d\u00e9termine qu'une disposition des pr\u00e9sentes conditions g\u00e9n\u00e9rales a \u00e9t\u00e9 ou est susceptible d'\u00eatre enfreinte.<br \/>\n(2) Si nous d\u00e9terminons que les informations enregistr\u00e9es par l'utilisateur sont fausses.<br \/>\n(3) Si la Soci\u00e9t\u00e9 d\u00e9termine qu'il y a eu un acte frauduleux en utilisant l'\u00e9quipement terminal de t\u00e9l\u00e9communications de l'utilisateur, etc.<br \/>\n(4) En cas de survenance de l'un des actes vis\u00e9s \u00e0 la section \"Actes interdits\".<br \/>\n(5) Si, pour toute autre raison raisonnable, la Soci\u00e9t\u00e9 estime que l'utilisation du Service est inappropri\u00e9e.<br \/>\nL'entreprise ne peut \u00eatre tenue responsable de tout dommage r\u00e9sultant des mesures pr\u00e9vues dans le pr\u00e9sent article.<\/p>\n<p>Avis de non-responsabilit\u00e9.<\/p>\n<p>La soci\u00e9t\u00e9 ne garantit pas que le service sera exempt de d\u00e9fauts ou d'erreurs.<br \/>\nL'Entreprise ne garantit pas la certitude, l'authenticit\u00e9, la l\u00e9galit\u00e9 ou l'utilit\u00e9 des informations obtenues par l'Utilisateur \u00e0 travers le Service et n'accepte aucune responsabilit\u00e9 \u00e0 cet \u00e9gard.<br \/>\nLe contenu du service peut inclure des articles publicitaires pour des biens et des services fournis par des entreprises. L'entreprise ne garantit pas l'exhaustivit\u00e9, l'exactitude ou la s\u00e9curit\u00e9 de ces articles publicitaires, sauf dans une mesure raisonnable. Les articles des services contiennent \u00e9galement des liens vers des sites externes. L'Entreprise n'accepte aucune responsabilit\u00e9 pour les probl\u00e8mes ou les dommages qui pourraient survenir sur les sites externes.<br \/>\nLa Soci\u00e9t\u00e9 n'est pas responsable des dommages subis par l'Utilisateur du fait du Service.<\/p>\n<p>Modification, suspension ou r\u00e9siliation du service.<\/p>\n<p>La Soci\u00e9t\u00e9 peut modifier, suspendre ou mettre fin au service \u00e0 tout moment pour des raisons commerciales, une surcharge du syst\u00e8me, un dysfonctionnement du syst\u00e8me, la maintenance, la promulgation, la r\u00e9vision ou l'abolition de lois et de r\u00e8glements, des catastrophes naturelles, des accidents accidentels, une panne d'\u00e9lectricit\u00e9, une panne de communication, un acc\u00e8s non autoris\u00e9 ou toute autre raison, et ne sera pas responsable des dommages caus\u00e9s \u00e0 l'utilisateur \u00e0 la suite de cela. La Soci\u00e9t\u00e9 n'est pas responsable des dommages subis par l'utilisateur \u00e0 la suite de ces modifications, suspensions ou r\u00e9siliations.<br \/>\nLa Soci\u00e9t\u00e9 s'efforcera de donner un pr\u00e9avis raisonnable avant toute modification, suspension ou r\u00e9siliation du paragraphe pr\u00e9c\u00e9dent. Toutefois, cette disposition ne s'applique pas en cas d'urgence ou de circonstances in\u00e9vitables.<\/p>\n<p>Interdiction de transfert de droits, d'obligations, etc.<\/p>\n<p>Les utilisateurs ne peuvent pas transf\u00e9rer \u00e0 des tiers, en tout ou en partie, leur statut en vertu des pr\u00e9sentes conditions g\u00e9n\u00e9rales, ni les droits et obligations qui en d\u00e9coulent, sans notre consentement \u00e9crit.<\/p>\n<p>dommages<\/p>\n<p>Si l'utilisateur nous cause un pr\u00e9judice ou cause un pr\u00e9judice \u00e0 un tiers \u00e0 la suite d'une violation d'une disposition des pr\u00e9sentes conditions g\u00e9n\u00e9rales, l'utilisateur nous d\u00e9dommagera ou d\u00e9dommagera le tiers pour le pr\u00e9judice subi par nous ou par le tiers.<br \/>\nSi les pr\u00e9sentes conditions g\u00e9n\u00e9rales constituent un contrat de consommation au sens de l'article 2, paragraphe 3, de la loi sur les contrats de consommation (loi n\u00b0 61 de 2000), les dispositions des pr\u00e9sentes conditions g\u00e9n\u00e9rales relatives \u00e0 l'exon\u00e9ration de notre responsabilit\u00e9 pour les dommages ne s'appliquent pas. Dans ce cas, si le dommage caus\u00e9 \u00e0 l'utilisateur est bas\u00e9 sur un manquement ou un acte d\u00e9lictueux de notre soci\u00e9t\u00e9, notre soci\u00e9t\u00e9 sera responsable des dommages directement et dans la mesure normale.<\/p>\n<p>s\u00e9parabilit\u00e9<\/p>\n<p>Si une disposition des pr\u00e9sentes conditions g\u00e9n\u00e9rales, ou une partie de celles-ci, est jug\u00e9e ill\u00e9gale, invalide ou inapplicable en vertu d'une loi ou d'un r\u00e8glement, cela n'affectera pas les autres dispositions des pr\u00e9sentes conditions g\u00e9n\u00e9rales, qui resteront pleinement en vigueur.<\/p>\n<p>droit applicable<\/p>\n<p>Les pr\u00e9sentes conditions g\u00e9n\u00e9rales et les services sont r\u00e9gis et interpr\u00e9t\u00e9s conform\u00e9ment au droit japonais.<\/p>\n<p>juridiction<\/p>\n<p>Pour la r\u00e9solution de tout litige survenant entre la soci\u00e9t\u00e9 et l'utilisateur en relation avec les pr\u00e9sentes conditions g\u00e9n\u00e9rales et le service, l'utilisateur accepte que le tribunal de Tokyo ou le tribunal de district de Tokyo soit la juridiction exclusive de premi\u00e8re instance, en fonction du montant de la demande, d\u00e8s le d\u00e9but de l'utilisation du service.<\/p>\n<p style=\"text-align: right;\">... et vers le haut<\/p>\n<p style=\"text-align: right;\">Adopt\u00e9e le 1er mai 2025.<\/p>","protected":false},"excerpt":{"rendered":"<p>\u672c\u5229\u7528\u898f\u7d04\uff08\u4ee5\u4e0b\u300c\u672c\u898f\u7d04\u300d\u3068\u3044\u3044\u307e\u3059\u3002\uff09\u306f\u3001\u5408\u540c\u4f1a\u793eBizNews\uff08\u4ee5\u4e0b\u300c\u5f53\u793e\u300d\u3068\u3044\u3044\u307e\u3059\u3002\uff09\u304c\u904b\u55b6\u30fb\u63d0\u4f9b\u3059\u308b\u30a6\u30a7\u30d6\u30b5\u30a4\u30c8\uff08\u30b9\u30de\u30fc\u30c8\u30d5\u30a9\u30f3\u5411\u3051\u30a6\u30a7\u30d6\u30b5\u30a4\u30c8\u3092\u542b\u307f\u307e\u3059\u3002\u4ee5\u4e0b\u540c\u3058\uff09\u53ca\u3073\u30a2\u30d7\u30ea\u30b1\u30fc\u30b7\u30e7\u30f3\u306b\u95a2\u3059\u308b\u3059\u3079\u3066\u306e\u88fd\u54c1\u53ca\u3073&#8230;<\/p>","protected":false},"author":1,"featured_media":0,"parent":0,"menu_order":0,"comment_status":"closed","ping_status":"closed","template":"","meta":{"_acf_changed":false,"footnotes":""},"categories":[],"tags":[],"class_list":["post-236","page","type-page","status-publish","article"],"acf":[],"aioseo_notices":[],"_links":{"self":[{"href":"https:\/\/gachapara.jp\/fr\/wp-json\/wp\/v2\/pages\/236","targetHints":{"allow":["GET"]}}],"collection":[{"href":"https:\/\/gachapara.jp\/fr\/wp-json\/wp\/v2\/pages"}],"about":[{"href":"https:\/\/gachapara.jp\/fr\/wp-json\/wp\/v2\/types\/page"}],"author":[{"embeddable":true,"href":"https:\/\/gachapara.jp\/fr\/wp-json\/wp\/v2\/users\/1"}],"replies":[{"embeddable":true,"href":"https:\/\/gachapara.jp\/fr\/wp-json\/wp\/v2\/comments?post=236"}],"version-history":[{"count":0,"href":"https:\/\/gachapara.jp\/fr\/wp-json\/wp\/v2\/pages\/236\/revisions"}],"wp:attachment":[{"href":"https:\/\/gachapara.jp\/fr\/wp-json\/wp\/v2\/media?parent=236"}],"wp:term":[{"taxonomy":"category","embeddable":true,"href":"https:\/\/gachapara.jp\/fr\/wp-json\/wp\/v2\/categories?post=236"},{"taxonomy":"post_tag","embeddable":true,"href":"https:\/\/gachapara.jp\/fr\/wp-json\/wp\/v2\/tags?post=236"}],"curies":[{"name":"wp","href":"https:\/\/api.w.org\/{rel}","templated":true}]}}